{"id":75,"date":"2025-12-10T14:14:24","date_gmt":"2025-12-10T14:14:24","guid":{"rendered":"https:\/\/nafzger.simmental.digital\/?page_id=75"},"modified":"2025-12-17T14:47:41","modified_gmt":"2025-12-17T14:47:41","slug":"about","status":"publish","type":"page","link":"https:\/\/nafzger.simmental.digital\/?page_id=75","title":{"rendered":"\u00dcber uns"},"content":{"rendered":"\t\t<div data-elementor-type=\"wp-page\" data-elementor-id=\"75\" class=\"elementor elementor-75\" data-elementor-post-type=\"page\">\n\t\t\t\t<div class=\"elementor-element elementor-element-502e7cd0 e-flex e-con-boxed e-con e-parent\" data-id=\"502e7cd0\" data-element_type=\"container\" data-e-type=\"container\" data-settings=\"{&quot;background_background&quot;:&quot;classic&quot;}\">\n\t\t\t\t\t<div class=\"e-con-inner\">\n\t\t<div class=\"elementor-element elementor-element-751d1e7a e-con-full e-flex e-con e-child\" data-id=\"751d1e7a\" data-element_type=\"container\" data-e-type=\"container\">\n\t\t\t\t<div class=\"elementor-element elementor-element-32f9e769 elementor-widget elementor-widget-heading\" data-id=\"32f9e769\" data-element_type=\"widget\" data-e-type=\"widget\" data-widget_type=\"heading.default\">\n\t\t\t\t\t<h1 class=\"elementor-heading-title elementor-size-default\">Geerdet seit Generationen.<\/h1>\t\t\t\t<\/div>\n\t\t\t\t<div class=\"elementor-element elementor-element-dd418ad elementor-widget elementor-widget-menu-anchor\" data-id=\"dd418ad\" data-element_type=\"widget\" data-e-type=\"widget\" data-widget_type=\"menu-anchor.default\">\n\t\t\t\t\t\t\t<div class=\"elementor-menu-anchor\" id=\"Story\"><\/div>\n\t\t\t\t\t\t<\/div>\n\t\t\t\t<\/div>\n\t\t\t\t\t<\/div>\n\t\t\t\t<\/div>\n\t\t<div class=\"elementor-element elementor-element-12362f25 e-con-full animated-slow e-flex elementor-invisible e-con e-parent\" data-id=\"12362f25\" data-element_type=\"container\" data-e-type=\"container\" data-settings=\"{&quot;animation&quot;:&quot;fadeIn&quot;,&quot;animation_delay&quot;:20,&quot;animation_tablet&quot;:&quot;fadeIn&quot;,&quot;animation_mobile&quot;:&quot;fadeIn&quot;}\">\n\t\t<div class=\"elementor-element elementor-element-3b832eae e-con-full e-flex e-con e-child\" data-id=\"3b832eae\" data-element_type=\"container\" data-e-type=\"container\" data-settings=\"{&quot;background_background&quot;:&quot;classic&quot;}\">\n\t\t\t\t<\/div>\n\t\t<div class=\"elementor-element elementor-element-5fb925c2 e-con-full e-flex e-con e-child\" data-id=\"5fb925c2\" data-element_type=\"container\" data-e-type=\"container\">\n\t\t\t\t<div class=\"elementor-element elementor-element-66714b5e elementor-widget elementor-widget-heading\" data-id=\"66714b5e\" data-element_type=\"widget\" data-e-type=\"widget\" data-widget_type=\"heading.default\">\n\t\t\t\t\t<h2 class=\"elementor-heading-title elementor-size-default\">Es war 1982...<\/h2>\t\t\t\t<\/div>\n\t\t\t\t<div class=\"elementor-element elementor-element-27ae8a3d elementor-widget elementor-widget-text-editor\" data-id=\"27ae8a3d\" data-element_type=\"widget\" data-e-type=\"widget\" data-widget_type=\"text-editor.default\">\n\t\t\t\t\t\t\t\t\t<p class=\"body\" dir=\"auto\">&#8230;als Hans-Rudolf Nafzger erstmals als Selbstst\u00e4ndiger den Schraubenzieher ansetzt. Aus seiner Werkstatt entstand \u00fcber die Jahre ein famili\u00e4res Unternehmen. 2013 \u00fcbernimmt Bruno Nafzger die Geschicke seines Vaters und \u00fcberf\u00fchrte die Firma in eine GmbH. Seit 2018 unterst\u00fctzt ihn Frau Eveline im B\u00fcro, damit er draussen bei Ihnen sein kann.<\/p><p class=\"body\" dir=\"auto\">Am Kurs hat sich seit der Gr\u00fcndung nicht viel ge\u00e4ndert: Wir sind nah dran, wenn Neues entsteht. Und schnell da, wenn Altes ausf\u00e4llt. Ihr Auftrag bestimmt unseren Alltag.<\/p>\t\t\t\t\t\t\t\t<\/div>\n\t\t\t\t<div class=\"elementor-element elementor-element-5e4ff28 elementor-widget elementor-widget-menu-anchor\" data-id=\"5e4ff28\" data-element_type=\"widget\" data-e-type=\"widget\" data-widget_type=\"menu-anchor.default\">\n\t\t\t\t\t\t\t<div class=\"elementor-menu-anchor\" id=\"Team\"><\/div>\n\t\t\t\t\t\t<\/div>\n\t\t\t\t<\/div>\n\t\t\t\t<\/div>\n\t\t<div class=\"elementor-element elementor-element-79653d3f animated-slow e-flex e-con-boxed elementor-invisible e-con e-parent\" data-id=\"79653d3f\" data-element_type=\"container\" data-e-type=\"container\" data-settings=\"{&quot;background_background&quot;:&quot;classic&quot;,&quot;animation&quot;:&quot;fadeIn&quot;,&quot;animation_delay&quot;:20,&quot;animation_tablet&quot;:&quot;fadeIn&quot;,&quot;animation_mobile&quot;:&quot;fadeIn&quot;}\">\n\t\t\t\t\t<div class=\"e-con-inner\">\n\t\t<div class=\"elementor-element elementor-element-8d65bed e-con-full e-flex e-con e-child\" data-id=\"8d65bed\" data-element_type=\"container\" data-e-type=\"container\">\n\t\t\t\t<div class=\"elementor-element elementor-element-3c89773 elementor-widget elementor-widget-heading\" data-id=\"3c89773\" data-element_type=\"widget\" data-e-type=\"widget\" data-widget_type=\"heading.default\">\n\t\t\t\t\t<h2 class=\"elementor-heading-title elementor-size-default\">Menschen, die Strom greifbar machen.<\/h2>\t\t\t\t<\/div>\n\t\t\t\t<div class=\"elementor-element elementor-element-cea6fdd elementor-widget elementor-widget-text-editor\" data-id=\"cea6fdd\" data-element_type=\"widget\" data-e-type=\"widget\" data-widget_type=\"text-editor.default\">\n\t\t\t\t\t\t\t\t\t<p>Hinter jeder Steckdose stehen Leute, die mitdenken und anpacken. Planer, Installateure und Serviceprofis, die erst gehen, wenn alles funktioniert. Wir sind dankbar und stolz &#8211; auf diesen tollen Haufen:<\/p>\t\t\t\t\t\t\t\t<\/div>\n\t\t\t\t<\/div>\n\t\t<div class=\"elementor-element elementor-element-55a76e36 e-con-full e-flex e-con e-child\" data-id=\"55a76e36\" data-element_type=\"container\" data-e-type=\"container\">\n\t\t\t\t<div class=\"elementor-element elementor-element-6d306986 elementor-widget__width-initial elementor-widget-mobile__width-inherit elementor-position-top elementor-widget elementor-widget-image-box\" data-id=\"6d306986\" data-element_type=\"widget\" data-e-type=\"widget\" data-widget_type=\"image-box.default\">\n\t\t\t\t\t<div class=\"elementor-image-box-wrapper\"><figure class=\"elementor-image-box-img\"><img fetchpriority=\"high\" decoding=\"async\" width=\"880\" height=\"800\" src=\"https:\/\/nafzger.simmental.digital\/wp-content\/uploads\/2025\/12\/Danilo-Fantone.webp\" class=\"elementor-animation-grow attachment-full size-full wp-image-595\" alt=\"\" srcset=\"https:\/\/nafzger.simmental.digital\/wp-content\/uploads\/2025\/12\/Danilo-Fantone.webp 880w, https:\/\/nafzger.simmental.digital\/wp-content\/uploads\/2025\/12\/Danilo-Fantone-300x273.webp 300w, https:\/\/nafzger.simmental.digital\/wp-content\/uploads\/2025\/12\/Danilo-Fantone-768x698.webp 768w\" sizes=\"(max-width: 880px) 100vw, 880px\" \/><\/figure><div class=\"elementor-image-box-content\"><h4 class=\"elementor-image-box-title\">Danilo Fantone<\/h4><p class=\"elementor-image-box-description\">Projektleiter<\/p><\/div><\/div>\t\t\t\t<\/div>\n\t\t\t\t<div class=\"elementor-element elementor-element-267eeb8d elementor-widget__width-initial elementor-widget-mobile__width-inherit elementor-position-top elementor-widget elementor-widget-image-box\" data-id=\"267eeb8d\" data-element_type=\"widget\" data-e-type=\"widget\" data-widget_type=\"image-box.default\">\n\t\t\t\t\t<div class=\"elementor-image-box-wrapper\"><figure class=\"elementor-image-box-img\"><img decoding=\"async\" width=\"790\" height=\"800\" src=\"https:\/\/nafzger.simmental.digital\/wp-content\/uploads\/2025\/12\/Mattia-Niederhauser.webp\" class=\"elementor-animation-grow attachment-full size-full wp-image-597\" alt=\"\" srcset=\"https:\/\/nafzger.simmental.digital\/wp-content\/uploads\/2025\/12\/Mattia-Niederhauser.webp 790w, https:\/\/nafzger.simmental.digital\/wp-content\/uploads\/2025\/12\/Mattia-Niederhauser-296x300.webp 296w, https:\/\/nafzger.simmental.digital\/wp-content\/uploads\/2025\/12\/Mattia-Niederhauser-768x778.webp 768w\" sizes=\"(max-width: 790px) 100vw, 790px\" \/><\/figure><div class=\"elementor-image-box-content\"><h4 class=\"elementor-image-box-title\">Mattia Niederhauser<\/h4><p class=\"elementor-image-box-description\">Projektleiter<\/p><\/div><\/div>\t\t\t\t<\/div>\n\t\t\t\t<div class=\"elementor-element elementor-element-410b879b elementor-widget__width-initial elementor-widget-mobile__width-inherit elementor-position-top elementor-widget elementor-widget-image-box\" data-id=\"410b879b\" data-element_type=\"widget\" data-e-type=\"widget\" data-widget_type=\"image-box.default\">\n\t\t\t\t\t<div class=\"elementor-image-box-wrapper\"><figure class=\"elementor-image-box-img\"><img decoding=\"async\" width=\"736\" height=\"800\" src=\"https:\/\/nafzger.simmental.digital\/wp-content\/uploads\/2025\/12\/Nick-Hasler.webp\" class=\"elementor-animation-grow attachment-full size-full wp-image-598\" alt=\"\" srcset=\"https:\/\/nafzger.simmental.digital\/wp-content\/uploads\/2025\/12\/Nick-Hasler.webp 736w, https:\/\/nafzger.simmental.digital\/wp-content\/uploads\/2025\/12\/Nick-Hasler-276x300.webp 276w\" sizes=\"(max-width: 736px) 100vw, 736px\" \/><\/figure><div class=\"elementor-image-box-content\"><h4 class=\"elementor-image-box-title\">Nick Hasler<\/h4><p class=\"elementor-image-box-description\">Elektroinstallateur<\/p><\/div><\/div>\t\t\t\t<\/div>\n\t\t\t\t<div class=\"elementor-element elementor-element-0c7d375 elementor-widget__width-initial elementor-widget-mobile__width-inherit elementor-position-top elementor-widget elementor-widget-image-box\" data-id=\"0c7d375\" data-element_type=\"widget\" data-e-type=\"widget\" data-widget_type=\"image-box.default\">\n\t\t\t\t\t<div class=\"elementor-image-box-wrapper\"><figure class=\"elementor-image-box-img\"><img loading=\"lazy\" decoding=\"async\" width=\"929\" height=\"800\" src=\"https:\/\/nafzger.simmental.digital\/wp-content\/uploads\/2025\/12\/Res-Ruprecht.webp\" class=\"elementor-animation-grow attachment-full size-full wp-image-599\" alt=\"\" srcset=\"https:\/\/nafzger.simmental.digital\/wp-content\/uploads\/2025\/12\/Res-Ruprecht.webp 929w, https:\/\/nafzger.simmental.digital\/wp-content\/uploads\/2025\/12\/Res-Ruprecht-300x258.webp 300w, https:\/\/nafzger.simmental.digital\/wp-content\/uploads\/2025\/12\/Res-Ruprecht-768x661.webp 768w\" sizes=\"(max-width: 929px) 100vw, 929px\" \/><\/figure><div class=\"elementor-image-box-content\"><h4 class=\"elementor-image-box-title\">Res ruprecht<\/h4><p class=\"elementor-image-box-description\">Elektro-Pension\u00e4r<\/p><\/div><\/div>\t\t\t\t<\/div>\n\t\t\t\t<\/div>\n\t\t<div class=\"elementor-element elementor-element-eeb102b e-con-full e-flex e-con e-child\" data-id=\"eeb102b\" data-element_type=\"container\" data-e-type=\"container\">\n\t\t\t\t<div class=\"elementor-element elementor-element-cb9f021 elementor-widget__width-initial elementor-widget-mobile__width-inherit elementor-position-top elementor-widget elementor-widget-image-box\" data-id=\"cb9f021\" data-element_type=\"widget\" data-e-type=\"widget\" data-widget_type=\"image-box.default\">\n\t\t\t\t\t<div class=\"elementor-image-box-wrapper\"><figure class=\"elementor-image-box-img\"><img loading=\"lazy\" decoding=\"async\" width=\"631\" height=\"800\" src=\"https:\/\/nafzger.simmental.digital\/wp-content\/uploads\/2025\/12\/Bjoern-Schorer.webp\" class=\"elementor-animation-grow attachment-full size-full wp-image-593\" alt=\"\" srcset=\"https:\/\/nafzger.simmental.digital\/wp-content\/uploads\/2025\/12\/Bjoern-Schorer.webp 631w, https:\/\/nafzger.simmental.digital\/wp-content\/uploads\/2025\/12\/Bjoern-Schorer-237x300.webp 237w\" sizes=\"(max-width: 631px) 100vw, 631px\" \/><\/figure><div class=\"elementor-image-box-content\"><h4 class=\"elementor-image-box-title\">Bj\u00f6rn Schorer<\/h4><p class=\"elementor-image-box-description\">Elektroinstallateur Lehrling<\/p><\/div><\/div>\t\t\t\t<\/div>\n\t\t\t\t<div class=\"elementor-element elementor-element-84672fc elementor-widget__width-initial elementor-widget-mobile__width-inherit elementor-position-top elementor-widget elementor-widget-image-box\" data-id=\"84672fc\" data-element_type=\"widget\" data-e-type=\"widget\" data-widget_type=\"image-box.default\">\n\t\t\t\t\t<div class=\"elementor-image-box-wrapper\"><figure class=\"elementor-image-box-img\"><img loading=\"lazy\" decoding=\"async\" width=\"697\" height=\"800\" src=\"https:\/\/nafzger.simmental.digital\/wp-content\/uploads\/2025\/12\/Eveline-Nafzger.webp\" class=\"elementor-animation-grow attachment-full size-full wp-image-596\" alt=\"\" srcset=\"https:\/\/nafzger.simmental.digital\/wp-content\/uploads\/2025\/12\/Eveline-Nafzger.webp 697w, https:\/\/nafzger.simmental.digital\/wp-content\/uploads\/2025\/12\/Eveline-Nafzger-261x300.webp 261w\" sizes=\"(max-width: 697px) 100vw, 697px\" \/><\/figure><div class=\"elementor-image-box-content\"><h4 class=\"elementor-image-box-title\">Eveline Nafzger<\/h4><p class=\"elementor-image-box-description\">Administration<\/p><\/div><\/div>\t\t\t\t<\/div>\n\t\t\t\t<div class=\"elementor-element elementor-element-43d9fe3 elementor-widget__width-initial elementor-widget-mobile__width-inherit elementor-position-top elementor-widget elementor-widget-image-box\" data-id=\"43d9fe3\" data-element_type=\"widget\" data-e-type=\"widget\" data-widget_type=\"image-box.default\">\n\t\t\t\t\t<div class=\"elementor-image-box-wrapper\"><figure class=\"elementor-image-box-img\"><img decoding=\"async\" src=\"https:\/\/nafzger.simmental.digital\/wp-content\/uploads\/2025\/12\/Bruno-Nafzger.png\" title=\"\" alt=\"\" class=\"elementor-animation-grow\" loading=\"lazy\" \/><\/figure><div class=\"elementor-image-box-content\"><h4 class=\"elementor-image-box-title\">Bruno Nafzger<\/h4><p class=\"elementor-image-box-description\">Eidg. Dipl. Elektroinstallateur<\/p><\/div><\/div>\t\t\t\t<\/div>\n\t\t\t\t<div class=\"elementor-element elementor-element-598af1b elementor-widget__width-initial elementor-widget-mobile__width-inherit elementor-position-top elementor-widget elementor-widget-image-box\" data-id=\"598af1b\" data-element_type=\"widget\" data-e-type=\"widget\" data-widget_type=\"image-box.default\">\n\t\t\t\t\t<div class=\"elementor-image-box-wrapper\"><figure class=\"elementor-image-box-img\"><img decoding=\"async\" src=\"https:\/\/nafzger.simmental.digital\/wp-content\/uploads\/2025\/12\/Mister-X.webp\" title=\"Mister X\" alt=\"Mister X\" class=\"elementor-animation-grow\" loading=\"lazy\" \/><\/figure><div class=\"elementor-image-box-content\"><h4 class=\"elementor-image-box-title\">Du?<\/h4><p class=\"elementor-image-box-description\">Melde dich spontan!<\/p><\/div><\/div>\t\t\t\t<\/div>\n\t\t\t\t<\/div>\n\t\t\t\t\t<\/div>\n\t\t\t\t<\/div>\n\t\t<div class=\"elementor-element elementor-element-cf0bec1 animated-slow e-flex e-con-boxed elementor-invisible e-con e-parent\" data-id=\"cf0bec1\" data-element_type=\"container\" data-e-type=\"container\" data-settings=\"{&quot;background_background&quot;:&quot;classic&quot;,&quot;animation&quot;:&quot;fadeIn&quot;,&quot;animation_tablet&quot;:&quot;fadeIn&quot;,&quot;animation_mobile&quot;:&quot;fadeIn&quot;,&quot;animation_delay&quot;:20}\">\n\t\t\t\t\t<div class=\"e-con-inner\">\n\t\t<div class=\"elementor-element elementor-element-3ee61d9 e-con-full e-flex e-con e-child\" data-id=\"3ee61d9\" data-element_type=\"container\" data-e-type=\"container\">\n\t\t\t\t<div class=\"elementor-element elementor-element-5c9d5e0 elementor-widget elementor-widget-heading\" data-id=\"5c9d5e0\" data-element_type=\"widget\" data-e-type=\"widget\" data-widget_type=\"heading.default\">\n\t\t\t\t\t<h2 class=\"elementor-heading-title elementor-size-default\">Wir jagen Kurzschl\u00fcsse.<\/h2>\t\t\t\t<\/div>\n\t\t\t\t<div class=\"elementor-element elementor-element-55fae78 elementor-widget elementor-widget-heading\" data-id=\"55fae78\" data-element_type=\"widget\" data-e-type=\"widget\" data-widget_type=\"heading.default\">\n\t\t\t\t\t<h5 class=\"elementor-heading-title elementor-size-default\">Der elektrische T\u00fcr\u00f6ffner sperrt Sie aus? Im Keller riecht\u2019s nach verbranntem Plastik? Wenn die Sicherungen fliegen, sind wir f\u00fcr Sie da.\n\n<\/h5>\t\t\t\t<\/div>\n\t\t\t\t<div class=\"elementor-element elementor-element-b657c16 elementor-align-center elementor-widget-mobile__width-inherit elementor-invisible elementor-widget elementor-widget-button\" data-id=\"b657c16\" data-element_type=\"widget\" data-e-type=\"widget\" data-settings=\"{&quot;_animation&quot;:&quot;fadeInDown&quot;}\" data-widget_type=\"button.default\">\n\t\t\t\t\t\t\t\t\t\t<a class=\"elementor-button elementor-button-link elementor-size-sm\" href=\"https:\/\/nafzger.simmental.digital\/?page_id=52\">\n\t\t\t\t\t\t<span class=\"elementor-button-content-wrapper\">\n\t\t\t\t\t\t\t\t\t<span class=\"elementor-button-text\">Kontakt<\/span>\n\t\t\t\t\t<\/span>\n\t\t\t\t\t<\/a>\n\t\t\t\t\t\t\t\t<\/div>\n\t\t\t\t<\/div>\n\t\t\t\t\t<\/div>\n\t\t\t\t<\/div>\n\t\t\t\t<\/div>\n\t\t","protected":false},"excerpt":{"rendered":"<p>Geerdet seit Generationen. Es war 1982&#8230; &#8230;als Hans-Rudolf Nafzger erstmals als Selbstst\u00e4ndiger den Schraubenzieher ansetzt. Aus seiner Werkstatt entstand \u00fcber die Jahre ein famili\u00e4res Unternehmen. 2013 \u00fcbernimmt Bruno Nafzger die Geschicke seines Vaters und \u00fcberf\u00fchrte die Firma in eine GmbH. Seit 2018 unterst\u00fctzt ihn Frau Eveline im B\u00fcro, damit er draussen bei Ihnen sein kann. [&hellip;]<\/p>\n","protected":false},"author":1,"featured_media":78,"parent":0,"menu_order":0,"comment_status":"closed","ping_status":"closed","template":"elementor_header_footer","meta":{"footnotes":""},"class_list":["post-75","page","type-page","status-publish","has-post-thumbnail","hentry"],"_links":{"self":[{"href":"https:\/\/nafzger.simmental.digital\/index.php?rest_route=\/wp\/v2\/pages\/75","targetHints":{"allow":["GET"]}}],"collection":[{"href":"https:\/\/nafzger.simmental.digital\/index.php?rest_route=\/wp\/v2\/pages"}],"about":[{"href":"https:\/\/nafzger.simmental.digital\/index.php?rest_route=\/wp\/v2\/types\/page"}],"author":[{"embeddable":true,"href":"https:\/\/nafzger.simmental.digital\/index.php?rest_route=\/wp\/v2\/users\/1"}],"replies":[{"embeddable":true,"href":"https:\/\/nafzger.simmental.digital\/index.php?rest_route=%2Fwp%2Fv2%2Fcomments&post=75"}],"version-history":[{"count":174,"href":"https:\/\/nafzger.simmental.digital\/index.php?rest_route=\/wp\/v2\/pages\/75\/revisions"}],"predecessor-version":[{"id":899,"href":"https:\/\/nafzger.simmental.digital\/index.php?rest_route=\/wp\/v2\/pages\/75\/revisions\/899"}],"wp:featuredmedia":[{"embeddable":true,"href":"https:\/\/nafzger.simmental.digital\/index.php?rest_route=\/wp\/v2\/media\/78"}],"wp:attachment":[{"href":"https:\/\/nafzger.simmental.digital\/index.php?rest_route=%2Fwp%2Fv2%2Fmedia&parent=75"}],"curies":[{"name":"wp","href":"https:\/\/api.w.org\/{rel}","templated":true}]}}